{"id":91,"date":"2023-08-01T09:16:19","date_gmt":"2023-08-01T09:16:19","guid":{"rendered":"https:\/\/themedox.com\/gerow\/?page_id=91"},"modified":"2026-03-29T14:23:01","modified_gmt":"2026-03-29T14:23:01","slug":"contact","status":"publish","type":"page","link":"https:\/\/demonext.net\/?page_id=91","title":{"rendered":"Contact"},"content":{"rendered":"\t\t<div data-elementor-type=\"wp-page\" data-elementor-id=\"91\" class=\"elementor elementor-91\">\n\t\t\t\t\t\t<section class=\"elementor-section elementor-top-section elementor-element elementor-element-6925a7b elementor-section-content-middle elementor-section-boxed elementor-section-height-default elementor-section-height-default\" data-id=\"6925a7b\" data-element_type=\"section\" data-e-type=\"section\">\n\t\t\t\t\t\t<div class=\"elementor-container elementor-column-gap-no\">\n\t\t\t\t\t<div class=\"elementor-column elementor-col-50 elementor-top-column elementor-element elementor-element-2f1edc1\" data-id=\"2f1edc1\" data-element_type=\"column\" data-e-type=\"column\">\n\t\t\t<div class=\"elementor-widget-wrap elementor-element-populated\">\n\t\t\t\t\t\t<div class=\"elementor-element elementor-element-1bcca05 elementor-widget elementor-widget-image\" data-id=\"1bcca05\" data-element_type=\"widget\" data-e-type=\"widget\" data-widget_type=\"image.default\">\n\t\t\t\t\t\t\t\t\t\t\t\t\t\t\t<img fetchpriority=\"high\" decoding=\"async\" width=\"600\" height=\"579\" src=\"https:\/\/demonext.net\/wp-content\/uploads\/2023\/08\/contact_img.jpg\" class=\"attachment-full size-full wp-image-1145\" alt=\"\" srcset=\"https:\/\/demonext.net\/wp-content\/uploads\/2023\/08\/contact_img.jpg 600w, https:\/\/demonext.net\/wp-content\/uploads\/2023\/08\/contact_img-300x290.jpg 300w\" sizes=\"(max-width: 600px) 100vw, 600px\" \/>\t\t\t\t\t\t\t\t\t\t\t\t\t\t\t<\/div>\n\t\t\t\t\t<\/div>\n\t\t<\/div>\n\t\t\t\t<div class=\"elementor-column elementor-col-50 elementor-top-column elementor-element elementor-element-c5b5a8f\" data-id=\"c5b5a8f\" data-element_type=\"column\" data-e-type=\"column\">\n\t\t\t<div class=\"elementor-widget-wrap elementor-element-populated\">\n\t\t\t\t\t\t<div class=\"elementor-element elementor-element-2fe607e team-details-title elementor-widget elementor-widget-heading\" data-id=\"2fe607e\" data-element_type=\"widget\" data-e-type=\"widget\" data-widget_type=\"heading.default\">\n\t\t\t\t\t<h2 class=\"elementor-heading-title elementor-size-default\">Notre Adresse de Bureau<\/h2>\t\t\t\t<\/div>\n\t\t\t\t<div class=\"elementor-element elementor-element-3ca74c6 elementor-widget elementor-widget-html\" data-id=\"3ca74c6\" data-element_type=\"widget\" data-e-type=\"widget\" data-widget_type=\"html.default\">\n\t\t\t\t\t<ul class=\"list-wrap\">\r\n<li>7 Rue Andr\u00e9 Amp\u00e8re cit\u00e9 administrative <br> Ariana 2080 Tunisie<\/li>\r\n<li>+216 71 701 110<\/li>\r\n<li>+216 71 703 120<\/li>\r\n<li>contact@cti-network.com<\/li>\r\n<\/ul>\t\t\t\t<\/div>\n\t\t\t\t\t<\/div>\n\t\t<\/div>\n\t\t\t\t\t<\/div>\n\t\t<\/section>\n\t\t\t\t<section class=\"elementor-section elementor-top-section elementor-element elementor-element-a6e0a1a elementor-section-content-middle elementor-section-boxed elementor-section-height-default elementor-section-height-default\" data-id=\"a6e0a1a\" data-element_type=\"section\" data-e-type=\"section\" data-settings=\"{&quot;background_background&quot;:&quot;classic&quot;}\">\n\t\t\t\t\t\t<div class=\"elementor-container elementor-column-gap-no\">\n\t\t\t\t\t<div class=\"elementor-column elementor-col-50 elementor-top-column elementor-element elementor-element-9d132f8\" data-id=\"9d132f8\" data-element_type=\"column\" data-e-type=\"column\">\n\t\t\t<div class=\"elementor-widget-wrap elementor-element-populated\">\n\t\t\t\t\t\t<div class=\"elementor-element elementor-element-54c52fc elementor-widget elementor-widget-tg-heading\" data-id=\"54c52fc\" data-element_type=\"widget\" data-e-type=\"widget\" data-widget_type=\"tg-heading.default\">\n\t\t\t\t<div class=\"elementor-widget-container\">\n\t\t\t\t\t\r\n        \r\n            <div class=\"section-title section-title-three tg-heading-subheading animation-none2\">\r\n                                    <span class=\"sub-title tg-element-title\">Prenez contact avec nous<\/span>\r\n                \r\n                <h2 class=\"title tg-element-title\">Toute l'\u00e9quipe de CTI-Network est \u00e0 votre \u00e9coute pour toujours mieux vous satisfaire.<\/h2>\r\n            <\/div>\r\n\r\n\r\n        \r\n\t\t\t\t<\/div>\n\t\t\t\t<\/div>\n\t\t\t\t\t<\/div>\n\t\t<\/div>\n\t\t\t\t<div class=\"elementor-column elementor-col-50 elementor-top-column elementor-element elementor-element-c736361\" data-id=\"c736361\" data-element_type=\"column\" data-e-type=\"column\">\n\t\t\t<div class=\"elementor-widget-wrap elementor-element-populated\">\n\t\t\t\t\t\t<div class=\"elementor-element elementor-element-10d522b elementor-widget elementor-widget-shortcode\" data-id=\"10d522b\" data-element_type=\"widget\" data-e-type=\"widget\" data-widget_type=\"shortcode.default\">\n\t\t\t\t\t\t\t<div class=\"elementor-shortcode\"><style id=\"wpforms-css-vars-8809\">\n\t\t\t\t#wpforms-8809 {\n\t\t\t\t--wpforms-container-padding: 0px;\n--wpforms-container-border-width: 1px;\n--wpforms-container-border-radius: 3px;\n--wpforms-background-color: rgba(0, 0, 0, 0);\n--wpforms-field-size-input-height: 43px;\n--wpforms-field-size-input-spacing: 15px;\n--wpforms-field-size-font-size: 16px;\n--wpforms-field-size-line-height: 19px;\n--wpforms-field-size-padding-h: 14px;\n--wpforms-field-size-checkbox-size: 16px;\n--wpforms-field-size-sublabel-spacing: 5px;\n--wpforms-field-size-icon-size: 1;\n--wpforms-label-size-font-size: 16px;\n--wpforms-label-size-line-height: 19px;\n--wpforms-label-size-sublabel-font-size: 14px;\n--wpforms-label-size-sublabel-line-height: 17px;\n--wpforms-button-size-font-size: 17px;\n--wpforms-button-size-height: 41px;\n--wpforms-button-size-padding-h: 15px;\n--wpforms-button-size-margin-top: 10px;\n--wpforms-container-shadow-size-box-shadow: none;\n\t\t\t}\n\t\t\t<\/style><div class=\"wpforms-container wpforms-container-full wpforms-render-modern\" id=\"wpforms-8809\"><form id=\"wpforms-form-8809\" class=\"wpforms-validate wpforms-form wpforms-ajax-form\" data-formid=\"8809\" method=\"post\" enctype=\"multipart\/form-data\" action=\"\/index.php?rest_route=%2Fwp%2Fv2%2Fpages%2F91\" data-token=\"14610214a4296b7142b8a05ad69f6cfa\" data-token-time=\"1775611597\"><noscript class=\"wpforms-error-noscript\">Please enable JavaScript in your browser to complete this form.<\/noscript><div id=\"wpforms-error-noscript\" style=\"display: none;\">Please enable JavaScript in your browser to complete this form.<\/div><div class=\"wpforms-field-container\"><div id=\"wpforms-8809-field_6-container\" class=\"wpforms-field wpforms-field-text\" data-field-id=\"6\"><label class=\"wpforms-field-label\" for=\"wpforms-8809-field_6\">Nom &amp; pr\u00e9nom <span class=\"wpforms-required-label\" aria-hidden=\"true\">*<\/span><\/label><input type=\"text\" id=\"wpforms-8809-field_6\" class=\"wpforms-field-medium wpforms-field-required\" name=\"wpforms[fields][6]\" aria-errormessage=\"wpforms-8809-field_6-error\" required><\/div><div id=\"wpforms-8809-field_2-container\" class=\"wpforms-field wpforms-field-email\" data-field-id=\"2\"><label class=\"wpforms-field-label\" for=\"wpforms-8809-field_2\">Email <span class=\"wpforms-required-label\" aria-hidden=\"true\">*<\/span><\/label><input type=\"email\" id=\"wpforms-8809-field_2\" class=\"wpforms-field-medium wpforms-field-required\" name=\"wpforms[fields][2]\" spellcheck=\"false\" aria-errormessage=\"wpforms-8809-field_2-error\" required><\/div>\t\t<div id=\"wpforms-8809-field_1-container\"\n\t\t\tclass=\"wpforms-field wpforms-field-text\"\n\t\t\tdata-field-type=\"text\"\n\t\t\tdata-field-id=\"1\"\n\t\t\t>\n\t\t\t<label class=\"wpforms-field-label\" for=\"wpforms-8809-field_1\" >demande Nom pr\u00e9nom<\/label>\n\t\t\t<input type=\"text\" id=\"wpforms-8809-field_1\" class=\"wpforms-field-medium\" name=\"wpforms[fields][1]\" >\n\t\t<\/div>\n\t\t<div id=\"wpforms-8809-field_5-container\" class=\"wpforms-field wpforms-field-number\" data-field-id=\"5\"><label class=\"wpforms-field-label\" for=\"wpforms-8809-field_5\">N\u00b0 t\u00e9l <span class=\"wpforms-required-label\" aria-hidden=\"true\">*<\/span><\/label><input type=\"number\" id=\"wpforms-8809-field_5\" class=\"wpforms-field-medium wpforms-field-required\" name=\"wpforms[fields][5]\" step=\"any\" aria-errormessage=\"wpforms-8809-field_5-error\" required><\/div><div id=\"wpforms-8809-field_8-container\" class=\"wpforms-field wpforms-field-text\" data-field-id=\"8\"><label class=\"wpforms-field-label\" for=\"wpforms-8809-field_8\">Organisation <span class=\"wpforms-required-label\" aria-hidden=\"true\">*<\/span><\/label><input type=\"text\" id=\"wpforms-8809-field_8\" class=\"wpforms-field-medium wpforms-field-required\" name=\"wpforms[fields][8]\" aria-errormessage=\"wpforms-8809-field_8-error\" required><\/div><div id=\"wpforms-8809-field_7-container\" class=\"wpforms-field wpforms-field-text\" data-field-id=\"7\"><label class=\"wpforms-field-label\" for=\"wpforms-8809-field_7\">Sujet <span class=\"wpforms-required-label\" aria-hidden=\"true\">*<\/span><\/label><input type=\"text\" id=\"wpforms-8809-field_7\" class=\"wpforms-field-medium wpforms-field-required\" name=\"wpforms[fields][7]\" aria-errormessage=\"wpforms-8809-field_7-error\" required><\/div><div id=\"wpforms-8809-field_3-container\" class=\"wpforms-field wpforms-field-textarea\" data-field-id=\"3\"><label class=\"wpforms-field-label\" for=\"wpforms-8809-field_3\">Votre demande<\/label><textarea id=\"wpforms-8809-field_3\" class=\"wpforms-field-medium\" name=\"wpforms[fields][3]\" aria-errormessage=\"wpforms-8809-field_3-error\" ><\/textarea><\/div><script>\n\t\t\t\t( function() {\n\t\t\t\t\tconst style = document.createElement( 'style' );\n\t\t\t\t\tstyle.appendChild( document.createTextNode( '#wpforms-8809-field_1-container { position: absolute !important; overflow: hidden !important; display: inline !important; height: 1px !important; width: 1px !important; z-index: -1000 !important; padding: 0 !important; } #wpforms-8809-field_1-container input { visibility: hidden; } #wpforms-conversational-form-page #wpforms-8809-field_1-container label { counter-increment: none; }' ) );\n\t\t\t\t\tdocument.head.appendChild( style );\n\t\t\t\t\tdocument.currentScript?.remove();\n\t\t\t\t} )();\n\t\t\t<\/script><\/div><!-- .wpforms-field-container --><div class=\"wpforms-submit-container\" ><input type=\"hidden\" name=\"wpforms[id]\" value=\"8809\"><input type=\"hidden\" name=\"page_title\" value=\"\"><input type=\"hidden\" name=\"page_url\" value=\"https:\/\/demonext.net\/index.php?rest_route=\/wp\/v2\/pages\/91\"><input type=\"hidden\" name=\"url_referer\" value=\"\"><button type=\"submit\" name=\"wpforms[submit]\" id=\"wpforms-submit-8809\" class=\"wpforms-submit\" data-alt-text=\"Sending...\" data-submit-text=\"Envoyer\" aria-live=\"assertive\" value=\"wpforms-submit\">Envoyer<\/button><img decoding=\"async\" src=\"https:\/\/demonext.net\/wp-content\/plugins\/wpforms-lite\/assets\/images\/submit-spin.svg\" class=\"wpforms-submit-spinner\" style=\"display: none;\" width=\"26\" height=\"26\" alt=\"Loading\"><\/div><\/form><\/div>  <!-- .wpforms-container --><\/div>\n\t\t\t\t\t\t<\/div>\n\t\t\t\t\t<\/div>\n\t\t<\/div>\n\t\t\t\t\t<\/div>\n\t\t<\/section>\n\t\t\t\t<section class=\"elementor-section elementor-top-section elementor-element elementor-element-d510f89 elementor-section-full_width elementor-section-height-default elementor-section-height-default\" data-id=\"d510f89\" data-element_type=\"section\" data-e-type=\"section\">\n\t\t\t\t\t\t<div class=\"elementor-container elementor-column-gap-no\">\n\t\t\t\t\t<div class=\"elementor-column elementor-col-100 elementor-top-column elementor-element elementor-element-0b8f82b\" data-id=\"0b8f82b\" data-element_type=\"column\" data-e-type=\"column\">\n\t\t\t<div class=\"elementor-widget-wrap elementor-element-populated\">\n\t\t\t\t\t\t<div class=\"elementor-element elementor-element-6816598 elementor-widget elementor-widget-google_maps\" data-id=\"6816598\" data-element_type=\"widget\" data-e-type=\"widget\" data-widget_type=\"google_maps.default\">\n\t\t\t\t\t\t\t<div class=\"elementor-custom-embed\">\n\t\t\t<iframe loading=\"lazy\"\n\t\t\t\t\tsrc=\"https:\/\/maps.google.com\/maps?q=7%20Rue%20Andr%C3%A9%20Amp%C3%A8re%20cit%C3%A9%20administrative%20Ariana%202080%20Tunisie&#038;t=m&#038;z=15&#038;output=embed&#038;iwloc=near\"\n\t\t\t\t\ttitle=\"7 Rue Andr\u00e9 Amp\u00e8re cit\u00e9 administrative Ariana 2080 Tunisie\"\n\t\t\t\t\taria-label=\"7 Rue Andr\u00e9 Amp\u00e8re cit\u00e9 administrative Ariana 2080 Tunisie\"\n\t\t\t><\/iframe>\n\t\t<\/div>\n\t\t\t\t\t\t<\/div>\n\t\t\t\t\t<\/div>\n\t\t<\/div>\n\t\t\t\t\t<\/div>\n\t\t<\/section>\n\t\t\t\t<\/div>\n\t\t","protected":false},"excerpt":{"rendered":"<p>Notre Adresse de Bureau 7 Rue Andr\u00e9 Amp\u00e8re cit\u00e9 administrative Ariana 2080 Tunisie +216 71 701 110 +216 71 703 120 contact@cti-network.com Prenez contact avec nous Toute l&#8217;\u00e9quipe de CTI-Network est \u00e0 votre \u00e9coute pour toujours mieux vous satisfaire.<\/p>\n","protected":false},"author":1,"featured_media":0,"parent":0,"menu_order":0,"comment_status":"closed","ping_status":"closed","template":"elementor_header_footer","meta":{"_acf_changed":false,"_monsterinsights_skip_tracking":false,"_monsterinsights_sitenote_active":false,"_monsterinsights_sitenote_note":"","_monsterinsights_sitenote_category":0,"footnotes":""},"class_list":["post-91","page","type-page","status-publish","hentry"],"acf":[],"aioseo_notices":[],"_links":{"self":[{"href":"https:\/\/demonext.net\/index.php?rest_route=\/wp\/v2\/pages\/91","targetHints":{"allow":["GET"]}}],"collection":[{"href":"https:\/\/demonext.net\/index.php?rest_route=\/wp\/v2\/pages"}],"about":[{"href":"https:\/\/demonext.net\/index.php?rest_route=\/wp\/v2\/types\/page"}],"author":[{"embeddable":true,"href":"https:\/\/demonext.net\/index.php?rest_route=\/wp\/v2\/users\/1"}],"replies":[{"embeddable":true,"href":"https:\/\/demonext.net\/index.php?rest_route=%2Fwp%2Fv2%2Fcomments&post=91"}],"version-history":[{"count":16,"href":"https:\/\/demonext.net\/index.php?rest_route=\/wp\/v2\/pages\/91\/revisions"}],"predecessor-version":[{"id":9219,"href":"https:\/\/demonext.net\/index.php?rest_route=\/wp\/v2\/pages\/91\/revisions\/9219"}],"wp:attachment":[{"href":"https:\/\/demonext.net\/index.php?rest_route=%2Fwp%2Fv2%2Fmedia&parent=91"}],"curies":[{"name":"wp","href":"https:\/\/api.w.org\/{rel}","templated":true}]}}