{"id":81,"date":"2023-08-01T09:14:29","date_gmt":"2023-08-01T09:14:29","guid":{"rendered":"https:\/\/themedox.com\/gerow\/?page_id=81"},"modified":"2026-03-29T14:39:20","modified_gmt":"2026-03-29T14:39:20","slug":"a-propos","status":"publish","type":"page","link":"https:\/\/demonext.net\/?page_id=81","title":{"rendered":"A Propos"},"content":{"rendered":"\t\t<div data-elementor-type=\"wp-page\" data-elementor-id=\"81\" class=\"elementor elementor-81\">\n\t\t\t\t\t\t<section class=\"elementor-section elementor-top-section elementor-element elementor-element-a82f8ec elementor-section-content-middle elementor-section-boxed elementor-section-height-default elementor-section-height-default\" data-id=\"a82f8ec\" data-element_type=\"section\" data-e-type=\"section\">\n\t\t\t\t\t\t<div class=\"elementor-container elementor-column-gap-no\">\n\t\t\t\t\t<div class=\"elementor-column elementor-col-50 elementor-top-column elementor-element elementor-element-1510503\" data-id=\"1510503\" data-element_type=\"column\" data-e-type=\"column\">\n\t\t\t<div class=\"elementor-widget-wrap elementor-element-populated\">\n\t\t\t\t\t\t<div class=\"elementor-element elementor-element-4d4ae22 elementor-widget elementor-widget-image\" data-id=\"4d4ae22\" data-element_type=\"widget\" data-e-type=\"widget\" data-widget_type=\"image.default\">\n\t\t\t\t\t\t\t\t\t\t\t\t\t\t\t<img fetchpriority=\"high\" decoding=\"async\" width=\"554\" height=\"669\" src=\"http:\/\/demonext.net\/wp-content\/uploads\/2023\/08\/inner_about_img03.jpg\" class=\"attachment-full size-full wp-image-1069\" alt=\"\" srcset=\"http:\/\/demonext.net\/wp-content\/uploads\/2023\/08\/inner_about_img03.jpg 554w, http:\/\/demonext.net\/wp-content\/uploads\/2023\/08\/inner_about_img03-248x300.jpg 248w\" sizes=\"(max-width: 554px) 100vw, 554px\" \/>\t\t\t\t\t\t\t\t\t\t\t\t\t\t\t<\/div>\n\t\t\t\t\t<\/div>\n\t\t<\/div>\n\t\t\t\t<div class=\"elementor-column elementor-col-50 elementor-top-column elementor-element elementor-element-c847fd6\" data-id=\"c847fd6\" data-element_type=\"column\" data-e-type=\"column\">\n\t\t\t<div class=\"elementor-widget-wrap elementor-element-populated\">\n\t\t\t\t\t\t<div class=\"elementor-element elementor-element-4931230 elementor-widget__width-auto elementor-widget elementor-widget-heading\" data-id=\"4931230\" data-element_type=\"widget\" data-e-type=\"widget\" data-widget_type=\"heading.default\">\n\t\t\t\t\t<span class=\"elementor-heading-title elementor-size-default\">Expert en t\u00e9l\u00e9phonie &amp; r\u00e9seaux depuis 2008<\/span>\t\t\t\t<\/div>\n\t\t\t\t<div class=\"elementor-element elementor-element-9367363 elementor-widget elementor-widget-heading\" data-id=\"9367363\" data-element_type=\"widget\" data-e-type=\"widget\" data-widget_type=\"heading.default\">\n\t\t\t\t\t<h2 class=\"elementor-heading-title elementor-size-default\">L\u2019innovation au service\nde votre communication<\/h2>\t\t\t\t<\/div>\n\t\t\t\t<div class=\"elementor-element elementor-element-b9a888f elementor-widget elementor-widget-heading\" data-id=\"b9a888f\" data-element_type=\"widget\" data-e-type=\"widget\" data-widget_type=\"heading.default\">\n\t\t\t\t\t<p class=\"elementor-heading-title elementor-size-default\">CTI-Network, entreprise tunisienne pionni\u00e8re, allie t\u00e9l\u00e9phonie IP, r\u00e9seaux haute performance et s\u00e9curit\u00e9 intelligente pour propulser votre infrastructure.<\/p>\t\t\t\t<\/div>\n\t\t\t\t<section class=\"elementor-section elementor-inner-section elementor-element elementor-element-d11b281 elementor-section-full_width elementor-section-content-middle elementor-section-height-default elementor-section-height-default\" data-id=\"d11b281\" data-element_type=\"section\" data-e-type=\"section\">\n\t\t\t\t\t\t<div class=\"elementor-container elementor-column-gap-no\">\n\t\t\t\t\t<div class=\"elementor-column elementor-col-50 elementor-inner-column elementor-element elementor-element-0578107\" data-id=\"0578107\" data-element_type=\"column\" data-e-type=\"column\">\n\t\t\t<div class=\"elementor-widget-wrap elementor-element-populated\">\n\t\t\t\t\t\t<div class=\"elementor-element elementor-element-8e5da7d elementor-widget elementor-widget-text-editor\" data-id=\"8e5da7d\" data-element_type=\"widget\" data-e-type=\"widget\" data-widget_type=\"text-editor.default\">\n\t\t\t\t\t\t\t\t\t<h3>15+ ans<\/h3><div class=\"stat-item\"><strong><span style=\"color: #000000;\">d&#8217;expertise terrain<\/span><\/strong><\/div><div class=\"stat-item\">\u00a0<\/div>\t\t\t\t\t\t\t\t<\/div>\n\t\t\t\t\t<\/div>\n\t\t<\/div>\n\t\t\t\t<div class=\"elementor-column elementor-col-50 elementor-inner-column elementor-element elementor-element-bbc68e5\" data-id=\"bbc68e5\" data-element_type=\"column\" data-e-type=\"column\">\n\t\t\t<div class=\"elementor-widget-wrap elementor-element-populated\">\n\t\t\t\t\t\t<div class=\"elementor-element elementor-element-01bed97 elementor-widget elementor-widget-text-editor\" data-id=\"01bed97\" data-element_type=\"widget\" data-e-type=\"widget\" data-widget_type=\"text-editor.default\">\n\t\t\t\t\t\t\t\t\t<h3>100%<\/h3><div class=\"stat-item\"><span style=\"color: #000000;\"><strong>solutions sur mesure<\/strong><\/span><\/div><div class=\"stat-item\">\u00a0<\/div>\t\t\t\t\t\t\t\t<\/div>\n\t\t\t\t\t<\/div>\n\t\t<\/div>\n\t\t\t\t\t<\/div>\n\t\t<\/section>\n\t\t\t\t<section class=\"elementor-section elementor-inner-section elementor-element elementor-element-1e09a6a elementor-section-full_width elementor-section-content-middle elementor-section-height-default elementor-section-height-default\" data-id=\"1e09a6a\" data-element_type=\"section\" data-e-type=\"section\">\n\t\t\t\t\t\t<div class=\"elementor-container elementor-column-gap-default\">\n\t\t\t\t\t<div class=\"elementor-column elementor-col-100 elementor-inner-column elementor-element elementor-element-d069178\" data-id=\"d069178\" data-element_type=\"column\" data-e-type=\"column\">\n\t\t\t<div class=\"elementor-widget-wrap elementor-element-populated\">\n\t\t\t\t\t\t<div class=\"elementor-element elementor-element-9ead307 elementor-widget elementor-widget-tg-btn\" data-id=\"9ead307\" data-element_type=\"widget\" data-e-type=\"widget\" data-widget_type=\"tg-btn.default\">\n\t\t\t\t<div class=\"elementor-widget-container\">\n\t\t\t\t\t\r\n        \r\n                            <a href=\"https:\/\/demonext.net\/?page_id=1121\" target=\"_blank\" rel=\"nofollow\" class=\"btn\">\r\n                    Our Services                <\/a>\r\n            \r\n        \r\n  \t\t\t\t<\/div>\n\t\t\t\t<\/div>\n\t\t\t\t\t<\/div>\n\t\t<\/div>\n\t\t\t\t\t<\/div>\n\t\t<\/section>\n\t\t\t\t\t<\/div>\n\t\t<\/div>\n\t\t\t\t\t<\/div>\n\t\t<\/section>\n\t\t<div class=\"elementor-element elementor-element-426f1e8 e-flex e-con-boxed e-con e-parent\" data-id=\"426f1e8\" data-element_type=\"container\" data-e-type=\"container\">\n\t\t\t\t\t<div class=\"e-con-inner\">\n\t\t\t\t<div class=\"elementor-element elementor-element-7240822 elementor-widget elementor-widget-heading\" data-id=\"7240822\" data-element_type=\"widget\" data-e-type=\"widget\" data-widget_type=\"heading.default\">\n\t\t\t\t\t<h2 class=\"elementor-heading-title elementor-size-default\">\u00c0 propos de CTI NETWORK\n<\/h2>\t\t\t\t<\/div>\n\t\t\t\t<div class=\"elementor-element elementor-element-5e334e1 elementor-widget-divider--view-line elementor-widget elementor-widget-divider\" data-id=\"5e334e1\" data-element_type=\"widget\" data-e-type=\"widget\" data-widget_type=\"divider.default\">\n\t\t\t\t\t\t\t<div class=\"elementor-divider\">\n\t\t\t<span class=\"elementor-divider-separator\">\n\t\t\t\t\t\t<\/span>\n\t\t<\/div>\n\t\t\t\t\t\t<\/div>\n\t\t\t\t<div class=\"elementor-element elementor-element-ba509a3 elementor-widget elementor-widget-heading\" data-id=\"ba509a3\" data-element_type=\"widget\" data-e-type=\"widget\" data-widget_type=\"heading.default\">\n\t\t\t\t\t<p class=\"elementor-heading-title elementor-size-default\">CTI-Network est une entreprise tunisienne cr\u00e9\u00e9e en 2008 qui op\u00e8re dans les domaines de la t\u00e9l\u00e9phonie (Analogique, DECT et la voix IP), les r\u00e9seaux informatiques (c\u00e2blage VDI, Fibre optique et WIFI), les diff\u00e9rents applicatifs (Applicatifs CTI, Fax to mail, Voice to mail et IVR) ainsi que les solutions de s\u00e9curit\u00e9 (Contr\u00f4le d\u2019acc\u00e8s, pointeuses, syst\u00e8mes d\u2019alarmes et cam\u00e9ras de surveillance).\n\nNotre \u00e9quipe d\u2019ing\u00e9nieurs et techniciens b\u00e9n\u00e9ficie d\u2019une expertise de plus de 15 ans dans les t\u00e9l\u00e9communications. Nous accompagnons chaque projet avec une approche centr\u00e9e sur la fiabilit\u00e9 et l\u2019innovation.<\/p>\t\t\t\t<\/div>\n\t\t\t\t\t<\/div>\n\t\t\t\t<\/div>\n\t\t<div class=\"elementor-element elementor-element-d6ee7df e-con-full e-flex e-con e-parent\" data-id=\"d6ee7df\" data-element_type=\"container\" data-e-type=\"container\" data-settings=\"{&quot;background_background&quot;:&quot;classic&quot;}\">\n\t\t<div class=\"elementor-element elementor-element-69b2287 e-con-full e-flex e-con e-child\" data-id=\"69b2287\" data-element_type=\"container\" data-e-type=\"container\">\n\t\t\t\t<div class=\"elementor-element elementor-element-5c4e176 elementor-widget elementor-widget-tg-heading\" data-id=\"5c4e176\" data-element_type=\"widget\" data-e-type=\"widget\" data-widget_type=\"tg-heading.default\">\n\t\t\t\t<div class=\"elementor-widget-container\">\n\t\t\t\t\t\r\n        \r\n            <div class=\"section-title-two tg-heading-subheading animation-none3\">\r\n                                <h2 class=\"title tg-element-title\">Pourquoi migrer vers la VoIP ?\n<\/h2>            <\/div>\r\n\r\n        \r\n\t\t\t\t<\/div>\n\t\t\t\t<\/div>\n\t\t\t\t<div class=\"elementor-element elementor-element-3f6de7a elementor-widget elementor-widget-heading\" data-id=\"3f6de7a\" data-element_type=\"widget\" data-e-type=\"widget\" data-widget_type=\"heading.default\">\n\t\t\t\t\t<p class=\"elementor-heading-title elementor-size-default\">CTI-Network et ses sp\u00e9cialistes vous font profiter d\u2019avantages concrets li\u00e9s \u00e0 la t\u00e9l\u00e9phonie sur IP :\n\n<\/p>\t\t\t\t<\/div>\n\t\t\t\t<div class=\"elementor-element elementor-element-b946c73 elementor-widget elementor-widget-genix-faq\" data-id=\"b946c73\" data-element_type=\"widget\" data-e-type=\"widget\" data-widget_type=\"genix-faq.default\">\n\t\t\t\t<div class=\"elementor-widget-container\">\n\t\t\t\t\t\r\n        \r\n            <div class=\"accordion-wrap-three\">\r\n                <div class=\"accordion\" id=\"accordionExample\">\r\n\r\n                                            <div class=\"accordion-item\">\r\n                            <h2 class=\"accordion-header\" id=\"headingOne-0\">\r\n                                <button class=\"accordion-button \" type=\"button\" data-bs-toggle=\"collapse\" data-bs-target=\"#collapseOne-0\" aria-expanded=\"true\" aria-controls=\"collapseOne-0\">\r\n                                    \u00c9conomie durable                                <\/button>\r\n                            <\/h2>\r\n                            <div id=\"collapseOne-0\" class=\"accordion-collapse collapse show\" aria-labelledby=\"headingOne-0\" data-bs-parent=\"#accordionExample\">\r\n                                <div class=\"accordion-body\">\r\n                                    <p>R\u00e9duction significative des frais de t\u00e9l\u00e9communication gr\u00e2ce \u00e0 l'int\u00e9gration IP et \u00e0 l'optimisation des ressources.<\/p>\r\n                                <\/div>\r\n                            <\/div>\r\n                        <\/div>\r\n                                            <div class=\"accordion-item\">\r\n                            <h2 class=\"accordion-header\" id=\"headingOne-1\">\r\n                                <button class=\"accordion-button collapsed\" type=\"button\" data-bs-toggle=\"collapse\" data-bs-target=\"#collapseOne-1\" aria-expanded=\"true\" aria-controls=\"collapseOne-1\">\r\n                                    R\u00e9seau IP optimis\u00e9                                <\/button>\r\n                            <\/h2>\r\n                            <div id=\"collapseOne-1\" class=\"accordion-collapse collapse \" aria-labelledby=\"headingOne-1\" data-bs-parent=\"#accordionExample\">\r\n                                <div class=\"accordion-body\">\r\n                                    <p>Int\u00e9gration de votre r\u00e9seau IP aux services compl\u00e9mentaires et \u00e0 votre standard t\u00e9l\u00e9phonique existant.\n\n<\/p>\r\n                                <\/div>\r\n                            <\/div>\r\n                        <\/div>\r\n                                            <div class=\"accordion-item\">\r\n                            <h2 class=\"accordion-header\" id=\"headingOne-2\">\r\n                                <button class=\"accordion-button collapsed\" type=\"button\" data-bs-toggle=\"collapse\" data-bs-target=\"#collapseOne-2\" aria-expanded=\"true\" aria-controls=\"collapseOne-2\">\r\n                                    Investissement \u00e9volutif                                <\/button>\r\n                            <\/h2>\r\n                            <div id=\"collapseOne-2\" class=\"accordion-collapse collapse \" aria-labelledby=\"headingOne-2\" data-bs-parent=\"#accordionExample\">\r\n                                <div class=\"accordion-body\">\r\n                                    <p>Solutions flexibles, adapt\u00e9es et \u00e9volutives selon la taille et les besoins r\u00e9els de votre entreprise.<\/p>\r\n                                <\/div>\r\n                            <\/div>\r\n                        <\/div>\r\n                                            <div class=\"accordion-item\">\r\n                            <h2 class=\"accordion-header\" id=\"headingOne-3\">\r\n                                <button class=\"accordion-button collapsed\" type=\"button\" data-bs-toggle=\"collapse\" data-bs-target=\"#collapseOne-3\" aria-expanded=\"true\" aria-controls=\"collapseOne-3\">\r\n                                    Valeur ajout\u00e9e + applicatifs                                <\/button>\r\n                            <\/h2>\r\n                            <div id=\"collapseOne-3\" class=\"accordion-collapse collapse \" aria-labelledby=\"headingOne-3\" data-bs-parent=\"#accordionExample\">\r\n                                <div class=\"accordion-body\">\r\n                                    <p>Conf\u00e9rence t\u00e9l\u00e9phonique, enregistrement des appels, int\u00e9gration CRM, Voice to mail et IVR avanc\u00e9s.\n\n<\/p>\r\n                                <\/div>\r\n                            <\/div>\r\n                        <\/div>\r\n                                    <\/div>\r\n            <\/div>\r\n\r\n        \t\t\t\t<\/div>\n\t\t\t\t<\/div>\n\t\t\t\t<\/div>\n\t\t<div class=\"elementor-element elementor-element-8615c5c e-con-full elementor-hidden-tablet elementor-hidden-mobile e-flex e-con e-child\" data-id=\"8615c5c\" data-element_type=\"container\" data-e-type=\"container\" data-settings=\"{&quot;background_background&quot;:&quot;classic&quot;}\">\n\t\t\t\t<\/div>\n\t\t\t\t<\/div>\n\t\t<div class=\"elementor-element elementor-element-013a948 e-flex e-con-boxed e-con e-parent\" data-id=\"013a948\" data-element_type=\"container\" data-e-type=\"container\">\n\t\t\t\t\t<div class=\"e-con-inner\">\n\t\t\t\t<div class=\"elementor-element elementor-element-ffe259f elementor-widget elementor-widget-heading\" data-id=\"ffe259f\" data-element_type=\"widget\" data-e-type=\"widget\" data-widget_type=\"heading.default\">\n\t\t\t\t\t<h2 class=\"elementor-heading-title elementor-size-default\">Accompagnement complet\n<\/h2>\t\t\t\t<\/div>\n\t\t\t\t<div class=\"elementor-element elementor-element-c83eef5 elementor-widget elementor-widget-text-editor\" data-id=\"c83eef5\" data-element_type=\"widget\" data-e-type=\"widget\" data-widget_type=\"text-editor.default\">\n\t\t\t\t\t\t\t\t\t<p><span style=\"color: #000000;\">De la conception \u00e0 la migration VoIP, nous garantissons un service performant et total.<\/span><\/p><div class=\"process-steps\"><div class=\"step\">\u00a0<\/div><\/div>\t\t\t\t\t\t\t\t<\/div>\n\t\t\t\t\t<\/div>\n\t\t\t\t<\/div>\n\t\t<div class=\"elementor-element elementor-element-3e0747a e-flex e-con-boxed e-con e-parent\" data-id=\"3e0747a\" data-element_type=\"container\" data-e-type=\"container\">\n\t\t\t\t\t<div class=\"e-con-inner\">\n\t\t<div class=\"elementor-element elementor-element-c7f818e e-con-full e-flex e-con e-child\" data-id=\"c7f818e\" data-element_type=\"container\" data-e-type=\"container\">\n\t\t\t\t<div class=\"elementor-element elementor-element-31ba2d2 elementor-position-top elementor-widget elementor-widget-image-box\" data-id=\"31ba2d2\" data-element_type=\"widget\" data-e-type=\"widget\" data-widget_type=\"image-box.default\">\n\t\t\t\t\t<div class=\"elementor-image-box-wrapper\"><figure class=\"elementor-image-box-img\"><img decoding=\"async\" width=\"960\" height=\"960\" src=\"http:\/\/demonext.net\/wp-content\/uploads\/2026\/03\/Eo_circle_orange_number-1.svg.png\" class=\"attachment-full size-full wp-image-9000\" alt=\"\" srcset=\"https:\/\/demonext.net\/wp-content\/uploads\/2026\/03\/Eo_circle_orange_number-1.svg.png 960w, https:\/\/demonext.net\/wp-content\/uploads\/2026\/03\/Eo_circle_orange_number-1.svg-300x300.png 300w, https:\/\/demonext.net\/wp-content\/uploads\/2026\/03\/Eo_circle_orange_number-1.svg-150x150.png 150w, https:\/\/demonext.net\/wp-content\/uploads\/2026\/03\/Eo_circle_orange_number-1.svg-768x768.png 768w, https:\/\/demonext.net\/wp-content\/uploads\/2026\/03\/Eo_circle_orange_number-1.svg-350x350.png 350w, https:\/\/demonext.net\/wp-content\/uploads\/2026\/03\/Eo_circle_orange_number-1.svg-650x650.png 650w\" sizes=\"(max-width: 960px) 100vw, 960px\" \/><\/figure><div class=\"elementor-image-box-content\"><h3 class=\"elementor-image-box-title\">\u00c9tude d'infrastructure<\/h3><p class=\"elementor-image-box-description\">Analyse pr\u00e9cise de votre installation existante et de vos besoins m\u00e9tier.\n\n<\/p><\/div><\/div>\t\t\t\t<\/div>\n\t\t\t\t<\/div>\n\t\t<div class=\"elementor-element elementor-element-a518a4e e-con-full e-flex e-con e-child\" data-id=\"a518a4e\" data-element_type=\"container\" data-e-type=\"container\">\n\t\t\t\t<div class=\"elementor-element elementor-element-6e59c59 elementor-position-top elementor-widget elementor-widget-image-box\" data-id=\"6e59c59\" data-element_type=\"widget\" data-e-type=\"widget\" data-widget_type=\"image-box.default\">\n\t\t\t\t\t<div class=\"elementor-image-box-wrapper\"><figure class=\"elementor-image-box-img\"><img decoding=\"async\" width=\"1280\" height=\"1280\" src=\"http:\/\/demonext.net\/wp-content\/uploads\/2026\/03\/Eo_circle_orange_number-2.svg.png\" class=\"attachment-full size-full wp-image-9001\" alt=\"\" srcset=\"https:\/\/demonext.net\/wp-content\/uploads\/2026\/03\/Eo_circle_orange_number-2.svg.png 1280w, https:\/\/demonext.net\/wp-content\/uploads\/2026\/03\/Eo_circle_orange_number-2.svg-300x300.png 300w, https:\/\/demonext.net\/wp-content\/uploads\/2026\/03\/Eo_circle_orange_number-2.svg-1024x1024.png 1024w, https:\/\/demonext.net\/wp-content\/uploads\/2026\/03\/Eo_circle_orange_number-2.svg-150x150.png 150w, https:\/\/demonext.net\/wp-content\/uploads\/2026\/03\/Eo_circle_orange_number-2.svg-768x768.png 768w, https:\/\/demonext.net\/wp-content\/uploads\/2026\/03\/Eo_circle_orange_number-2.svg-350x350.png 350w, https:\/\/demonext.net\/wp-content\/uploads\/2026\/03\/Eo_circle_orange_number-2.svg-650x650.png 650w\" sizes=\"(max-width: 1280px) 100vw, 1280px\" \/><\/figure><div class=\"elementor-image-box-content\"><h3 class=\"elementor-image-box-title\">Choix sur mesure<\/h3><p class=\"elementor-image-box-description\">S\u00e9lection de la solution la plus adapt\u00e9e \u00e0 votre entreprise (on-premise \/ cloud).\n\n<\/p><\/div><\/div>\t\t\t\t<\/div>\n\t\t\t\t<\/div>\n\t\t<div class=\"elementor-element elementor-element-ed47b20 e-con-full e-flex e-con e-child\" data-id=\"ed47b20\" data-element_type=\"container\" data-e-type=\"container\">\n\t\t\t\t<div class=\"elementor-element elementor-element-43388ce elementor-position-top elementor-widget elementor-widget-image-box\" data-id=\"43388ce\" data-element_type=\"widget\" data-e-type=\"widget\" data-widget_type=\"image-box.default\">\n\t\t\t\t\t<div class=\"elementor-image-box-wrapper\"><figure class=\"elementor-image-box-img\"><img loading=\"lazy\" decoding=\"async\" width=\"1280\" height=\"1280\" src=\"http:\/\/demonext.net\/wp-content\/uploads\/2026\/03\/1280px-Eo_circle_orange_number-3.svg.png\" class=\"attachment-full size-full wp-image-9002\" alt=\"\" srcset=\"https:\/\/demonext.net\/wp-content\/uploads\/2026\/03\/1280px-Eo_circle_orange_number-3.svg.png 1280w, https:\/\/demonext.net\/wp-content\/uploads\/2026\/03\/1280px-Eo_circle_orange_number-3.svg-300x300.png 300w, https:\/\/demonext.net\/wp-content\/uploads\/2026\/03\/1280px-Eo_circle_orange_number-3.svg-1024x1024.png 1024w, https:\/\/demonext.net\/wp-content\/uploads\/2026\/03\/1280px-Eo_circle_orange_number-3.svg-150x150.png 150w, https:\/\/demonext.net\/wp-content\/uploads\/2026\/03\/1280px-Eo_circle_orange_number-3.svg-768x768.png 768w, https:\/\/demonext.net\/wp-content\/uploads\/2026\/03\/1280px-Eo_circle_orange_number-3.svg-350x350.png 350w, https:\/\/demonext.net\/wp-content\/uploads\/2026\/03\/1280px-Eo_circle_orange_number-3.svg-650x650.png 650w\" sizes=\"(max-width: 1280px) 100vw, 1280px\" \/><\/figure><div class=\"elementor-image-box-content\"><h3 class=\"elementor-image-box-title\">Installation &amp; migration<\/h3><p class=\"elementor-image-box-description\">Accompagnement durant toute la phase de d\u00e9ploiement et mise en service.\n\n<\/p><\/div><\/div>\t\t\t\t<\/div>\n\t\t\t\t<\/div>\n\t\t<div class=\"elementor-element elementor-element-1fe94bd e-con-full e-flex e-con e-child\" data-id=\"1fe94bd\" data-element_type=\"container\" data-e-type=\"container\">\n\t\t\t\t<div class=\"elementor-element elementor-element-932bddd elementor-position-top elementor-widget elementor-widget-image-box\" data-id=\"932bddd\" data-element_type=\"widget\" data-e-type=\"widget\" data-widget_type=\"image-box.default\">\n\t\t\t\t\t<div class=\"elementor-image-box-wrapper\"><figure class=\"elementor-image-box-img\"><img loading=\"lazy\" decoding=\"async\" width=\"960\" height=\"960\" src=\"http:\/\/demonext.net\/wp-content\/uploads\/2026\/03\/Eo_circle_orange_number-4.svg.png\" class=\"attachment-full size-full wp-image-9003\" alt=\"\" srcset=\"https:\/\/demonext.net\/wp-content\/uploads\/2026\/03\/Eo_circle_orange_number-4.svg.png 960w, https:\/\/demonext.net\/wp-content\/uploads\/2026\/03\/Eo_circle_orange_number-4.svg-300x300.png 300w, https:\/\/demonext.net\/wp-content\/uploads\/2026\/03\/Eo_circle_orange_number-4.svg-150x150.png 150w, https:\/\/demonext.net\/wp-content\/uploads\/2026\/03\/Eo_circle_orange_number-4.svg-768x768.png 768w, https:\/\/demonext.net\/wp-content\/uploads\/2026\/03\/Eo_circle_orange_number-4.svg-350x350.png 350w, https:\/\/demonext.net\/wp-content\/uploads\/2026\/03\/Eo_circle_orange_number-4.svg-650x650.png 650w\" sizes=\"(max-width: 960px) 100vw, 960px\" \/><\/figure><div class=\"elementor-image-box-content\"><h3 class=\"elementor-image-box-title\">Maintenance proactive<\/h3><p class=\"elementor-image-box-description\">Contrats de maintenance, actions pr\u00e9ventives et mises \u00e0 jour constantes.\n\n<\/p><\/div><\/div>\t\t\t\t<\/div>\n\t\t\t\t<\/div>\n\t\t\t\t\t<\/div>\n\t\t\t\t<\/div>\n\t\t\t\t<\/div>\n\t\t","protected":false},"excerpt":{"rendered":"<p>Expert en t\u00e9l\u00e9phonie &amp; r\u00e9seaux depuis 2008 L\u2019innovation au service de votre communication CTI-Network, entreprise tunisienne pionni\u00e8re, allie t\u00e9l\u00e9phonie IP, r\u00e9seaux haute performance et s\u00e9curit\u00e9 intelligente pour propulser votre infrastructure. 15+ ans d&#8217;expertise terrain\u00a0 100% solutions sur mesure\u00a0 Our Services \u00c0 propos de CTI NETWORK CTI-Network est une entreprise tunisienne cr\u00e9\u00e9e en 2008 qui op\u00e8re [&hellip;]<\/p>\n","protected":false},"author":1,"featured_media":0,"parent":0,"menu_order":0,"comment_status":"closed","ping_status":"closed","template":"elementor_header_footer","meta":{"_acf_changed":false,"_monsterinsights_skip_tracking":false,"_monsterinsights_sitenote_active":false,"_monsterinsights_sitenote_note":"","_monsterinsights_sitenote_category":0,"footnotes":""},"class_list":["post-81","page","type-page","status-publish","hentry"],"acf":[],"aioseo_notices":[],"_links":{"self":[{"href":"https:\/\/demonext.net\/index.php?rest_route=\/wp\/v2\/pages\/81","targetHints":{"allow":["GET"]}}],"collection":[{"href":"https:\/\/demonext.net\/index.php?rest_route=\/wp\/v2\/pages"}],"about":[{"href":"https:\/\/demonext.net\/index.php?rest_route=\/wp\/v2\/types\/page"}],"author":[{"embeddable":true,"href":"https:\/\/demonext.net\/index.php?rest_route=\/wp\/v2\/users\/1"}],"replies":[{"embeddable":true,"href":"https:\/\/demonext.net\/index.php?rest_route=%2Fwp%2Fv2%2Fcomments&post=81"}],"version-history":[{"count":27,"href":"https:\/\/demonext.net\/index.php?rest_route=\/wp\/v2\/pages\/81\/revisions"}],"predecessor-version":[{"id":9245,"href":"https:\/\/demonext.net\/index.php?rest_route=\/wp\/v2\/pages\/81\/revisions\/9245"}],"wp:attachment":[{"href":"https:\/\/demonext.net\/index.php?rest_route=%2Fwp%2Fv2%2Fmedia&parent=81"}],"curies":[{"name":"wp","href":"https:\/\/api.w.org\/{rel}","templated":true}]}}